{"id":675,"date":"2019-04-23T11:22:56","date_gmt":"2019-04-23T09:22:56","guid":{"rendered":"https:\/\/www.caangeli.it\/position\/"},"modified":"2025-02-05T16:52:31","modified_gmt":"2025-02-05T15:52:31","slug":"position","status":"publish","type":"page","link":"https:\/\/www.caangeli.it\/fr\/position\/","title":{"rendered":"Position"},"content":{"rendered":"<div class=\"wpb-content-wrapper\"><p>[vc_row full_width=\u00a0\u00bbstretch_row_content\u00a0\u00bb][vc_column]\n\t\t\t<!-- START location REVOLUTION SLIDER 6.6.18 --><p class=\"rs-p-wp-fix\"><\/p>\n\t\t\t<rs-module-wrap id=\"rev_slider_6_1_wrapper\" data-source=\"gallery\" style=\"visibility:hidden;background:transparent;padding:0;\">\n\t\t\t\t<rs-module id=\"rev_slider_6_1\" style=\"\" data-version=\"6.6.18\">\n\t\t\t\t\t<rs-slides style=\"overflow: hidden; position: absolute;\">\n\t\t\t\t\t\t<rs-slide style=\"position: absolute;\" data-key=\"rs-9\" data-title=\"Slide\" data-anim=\"adpr:false;\">\n\t\t\t\t\t\t\t<img decoding=\"async\" src=\"\/\/www.caangeli.it\/wp-content\/plugins\/revslider\/public\/assets\/assets\/dummy.png\" alt=\"\" title=\"Position\" class=\"rev-slidebg tp-rs-img rs-lazyload\" data-lazyload=\"\/\/www.caangeli.it\/wp-content\/uploads\/2024\/11\/HEADER2.jpg\" data-no-retina>\n<!---->\t\t\t\t\t\t<\/rs-slide>\n\t\t\t\t\t<\/rs-slides>\n\t\t\t\t<\/rs-module>\n\t\t\t\t<script>\n\t\t\t\t\tsetREVStartSize({c: 'rev_slider_6_1',rl:[1240,1024,778,480],el:[],gw:[1240],gh:[868],type:'standard',justify:'',layout:'fullscreen',offsetContainer:'',offset:'',mh:\"0\"});if (window.RS_MODULES!==undefined && window.RS_MODULES.modules!==undefined && window.RS_MODULES.modules[\"revslider61\"]!==undefined) {window.RS_MODULES.modules[\"revslider61\"].once = false;window.revapi6 = undefined;if (window.RS_MODULES.checkMinimal!==undefined) window.RS_MODULES.checkMinimal()}\n\t\t\t\t<\/script>\n\t\t\t<\/rs-module-wrap>\n\t\t\t<!-- END REVOLUTION SLIDER -->\n[vc_raw_html]PGRpdiBjbGFzcz0iYXJyb3ctd3JhcHBlciI+PGRpdiBjbGFzcz0iYXJyb3ciPjwvZGl2PjwvZGl2Pg==[\/vc_raw_html][\/vc_column][\/vc_row][vc_row full_width=\u00a0\u00bbstretch_row_content\u00a0\u00bb][vc_column][vc_empty_space height=\u00a0\u00bb100px\u00a0\u00bb][vc_column_text]<\/p>\n<h1 style=\"text-align: center;\">POSITION<\/h1>\n<p>[\/vc_column_text][vc_empty_space height=\u00a0\u00bb50px\u00a0\u00bb][\/vc_column][\/vc_row][vc_row][vc_column][vc_column_text]<br \/>\n[\/vc_column_text][\/vc_column][\/vc_row][vc_row css=\u00a0\u00bb.vc_custom_1547553006946{padding-top: 10px !important;padding-bottom: 50px !important;}\u00a0\u00bb][vc_column][vc_column_text]<\/p>\n<p style=\"text-align: center;\">Ca&rsquo; Angeli se trouve \u00e0 15 minutes de marche des garages de Piazzale Roma et \u00e0 quelques pas de l&rsquo;arr\u00eat ACTV San Silvestro.<\/p>\n<p>[\/vc_column_text][\/vc_column][\/vc_row][vc_row full_width=\u00a0\u00bbstretch_row_content_no_spaces\u00a0\u00bb][vc_column][vc_gmaps link=\u00a0\u00bb#E-8_JTNDaWZyYW1lJTIwc3JjJTNEJTIyaHR0cHMlM0ElMkYlMkZ3d3cuZ29vZ2xlLmNvbSUyRm1hcHMlMkZlbWJlZCUzRnBiJTNEJTIxMW0xOCUyMTFtMTIlMjExbTMlMjExZDE4ODMyLjkxNTI0NDAwNTc1JTIxMmQxMi4zMjAxMDkxODQ5NTQ0MDQlMjEzZDQ1LjQzODk4MzAwNDY5OTY0JTIxMm0zJTIxMWYwJTIxMmYwJTIxM2YwJTIxM20yJTIxMWkxMDI0JTIxMmk3NjglMjE0ZjEzLjElMjEzbTMlMjExbTIlMjExczB4NDc3ZWIxZGFiM2U4MWQxNSUyNTNBMHg4ZmRmYjJiYzkzZDVlMmExJTIxMnNDYSUyNiUyMzM5JTNCJTI1MjBBbmdlbGklMjUyMEx1eHVyeSUyNTIwR3Vlc3QlMjUyMEhvdXNlJTIxNWUwJTIxM20yJTIxMXNpdCUyMTJzaXQlMjE0djE3MzIyNzQ1OTE2MDglMjE1bTIlMjExc2l0JTIxMnNpdCUyMiUyMHdpZHRoJTNEJTIyNjAwJTIyJTIwaGVpZ2h0JTNEJTIyNDUwJTIyJTIwc3R5bGUlM0QlMjJib3JkZXIlM0EwJTNCJTIyJTIwYWxsb3dmdWxsc2NyZWVuJTNEJTIyJTIyJTIwbG9hZGluZyUzRCUyMmxhenklMjIlMjByZWZlcnJlcnBvbGljeSUzRCUyMm5vLXJlZmVycmVyLXdoZW4tZG93bmdyYWRlJTIyJTNFJTNDJTJGaWZyYW1lJTNF\u00a0\u00bb size=\u00a0\u00bb800px\u00a0\u00bb][vc_empty_space height=\u00a0\u00bb40px\u00a0\u00bb][\/vc_column][\/vc_row][vc_row css=\u00a0\u00bb.vc_custom_1547712153347{padding-top: 50px !important;padding-bottom: 50px !important;}\u00a0\u00bb][vc_column][vc_column_text]<\/p>\n<h2 style=\"text-align: center;\">Comment y arriver<\/h2>\n<p>[\/vc_column_text][\/vc_column][\/vc_row][vc_row full_width=\u00a0\u00bbstretch_row_content\u00a0\u00bb gap=\u00a0\u00bb35&Prime; css=\u00a0\u00bb.vc_custom_1547712291318{padding-bottom: 50px !important;}\u00a0\u00bb][vc_column width=\u00a0\u00bb1\/3&Prime; css=\u00a0\u00bb.vc_custom_1624271879949{padding-top: 35px !important;padding-right: 35px !important;padding-bottom: 35px !important;padding-left: 35px !important;background-color: #f4f4f4 !important;}\u00a0\u00bb][vc_icon icon_fontawesome=\u00a0\u00bbfa fa-plane\u00a0\u00bb color=\u00a0\u00bbblack\u00a0\u00bb size=\u00a0\u00bbxl\u00a0\u00bb align=\u00a0\u00bbcenter\u00a0\u00bb][vc_column_text]<\/p>\n<h3 style=\"text-align: center;\">Pour ceux qui arrivent de l&rsquo;a\u00e9roport<\/h3>\n<p style=\"text-align: center;\">Si vous arriv\u00e9es de l&rsquo;aeroport \u00ab\u00a0Marco Polo\u00a0\u00bb, vous aurez deux possibilit\u00e9s:<br \/>\n1)\u00a0 le taxi depuis le terminal de\u00a0 l&rsquo;Aeroport pour Ca&rsquo; Angeli adress &#8211; S.Polo Calle del Tragheto de la Madoneta n. 1434 (prix environ de 130\/140 Euros &#8211; 20 minutes);<br \/>\n2) le bateau orange ALILAGUNA\u00a0 (<a class=\"moz-txt-link-freetext\" href=\"http:\/\/www.alilaguna.it\/fr\" data-cke-saved-href=\"http:\/\/www.alilaguna.it\/fr\">http:\/\/www.alilaguna.it<\/a>). RIALTO est la votre arret;<br \/>\n3) le bus bleu ATVO\u00a0 (<u><a class=\"moz-txt-link-freetext\" href=\"http:\/\/www.atvo.it\/index.php?lingua=fr&amp;area=menustandard&amp;idpadre=23&amp;idmenu=35\" data-cke-saved-href=\"http:\/\/www.atvo.it\/index.php?lingua=fr&amp;area=menustandard&amp;idpadre=23&amp;idmenu=35\">http:\/\/www.atvo.it<\/a><\/u>). Piazzale Roma est la derni\u00e9re arret;<br \/>\n4) le bus orange ACTV n. 5\u00a0 (<a class=\"moz-txt-link-freetext\" href=\"http:\/\/www.actv.it\/pdf\/urbano\/U-5.pdf\" data-cke-saved-href=\"http:\/\/www.actv.it\/pdf\/urbano\/U-5.pdf\">http:\/\/www.actv.it<\/a>). Piazzale Roma est la derni\u00e9re arret;<\/p>\n<p>[\/vc_column_text][\/vc_column][vc_column width=\u00a0\u00bb1\/3&Prime; css=\u00a0\u00bb.vc_custom_1624271891641{padding-top: 35px !important;padding-right: 35px !important;padding-bottom: 35px !important;padding-left: 35px !important;background-color: #f4f4f4 !important;}\u00a0\u00bb][vc_icon icon_fontawesome=\u00a0\u00bbfa fa-car\u00a0\u00bb color=\u00a0\u00bbblack\u00a0\u00bb size=\u00a0\u00bbxl\u00a0\u00bb align=\u00a0\u00bbcenter\u00a0\u00bb][vc_column_text]<\/p>\n<h3 style=\"text-align: center;\">Pour ceux qui arrivent en voiture<\/h3>\n<p style=\"text-align: center;\">Si vous arrivez avec la voiture \u00e0 Piazzale Roma<\/p>\n<p style=\"text-align: center;\">nous vous conseillons de la parquer dans ce garage suivant <u><a class=\"moz-txt-link-freetext\" href=\"https:\/\/parclick.fr\/parking\/circuler-se-garer-a-venise\/?lt=45.438562&amp;ln=12.312508&amp;z=15&amp;r=9&amp;df=2017-02-11+10:00&amp;dt=2017-02-11+13:00&amp;ft=1\" data-cke-saved-href=\"https:\/\/parclick.fr\/parking\/circuler-se-garer-a-venise\/?lt=45.438562&amp;ln=12.312508&amp;z=15&amp;r=9&amp;df=2017-02-11+10:00&amp;dt=2017-02-11+13:00&amp;ft=1\">http:\/\/www.veneziaunica.it\/en\/ecommerce\/<\/a><br \/>\n<\/u>ou <span id=\"result_box\" class=\"short_text\" lang=\"en\"><span class=\"hps\" title=\"Click for alternate translations\"><u><a class=\"moz-txt-link-freetext\" href=\"http:\/\/www.comune.venezia.it\/\" data-cke-saved-href=\"http:\/\/www.comune.venezia.it\/\">http:\/\/www.comune.venezia.it<\/a><\/u><\/span><\/span><\/p>\n<p>[\/vc_column_text][\/vc_column][vc_column width=\u00a0\u00bb1\/3&Prime; css=\u00a0\u00bb.vc_custom_1624271899316{padding-top: 35px !important;padding-right: 35px !important;padding-bottom: 35px !important;padding-left: 35px !important;background-color: #f4f4f4 !important;}\u00a0\u00bb][vc_icon icon_fontawesome=\u00a0\u00bbfa fa-train\u00a0\u00bb color=\u00a0\u00bbblack\u00a0\u00bb size=\u00a0\u00bbxl\u00a0\u00bb align=\u00a0\u00bbcenter\u00a0\u00bb][vc_column_text]<\/p>\n<h3 style=\"text-align: center;\">Pour ceux qui arrivent en train<\/h3>\n<p style=\"text-align: center;\">prenez le bateau en direction de San Marco n. 1 et descendez \u00e0 l&rsquo;arr\u00eat \u00ab\u00a0San Silvestro\u00a0\u00bb.<br \/>\nApr\u00e8s \u00eatre descendus \u00e0 l&rsquo; arr\u00eat des bateaux \u00ab\u00a0San Silvestro\u00a0\u00bb allez tout droite, puis tournez \u00e0 gauche et, tout de suite, \u00e0 droite et vous arriverez dans \u00ab\u00a0Campo San Aponal\u00a0\u00bb (il y a un puits dans le centre de la place); donc, tournez \u00e0 gauche en prenant la rue \u00ab\u00a0Calle de Mezzo\u00a0\u00bb (dans le coin de la rue il y a une librairie que s&rsquo;appelle Giunti) et parcourez-la jusqu&rsquo;a la fin, apr\u00e8s quoi vous serez dans une autre petite place \u00ab\u00a0Campiello dei Meloni\u00a0\u00bb, allez tout droit pour a peu pr\u00e8s 10 m\u00e8tre et localisez \u00e0 votre gauche une P\u00e2tisserie (Pasticceria Rizzardini). Prenez la rue imm\u00e9diatement apr\u00e8s appele\u00e9 \u00ab\u00a0Calle del Forno\u00a0\u00bb, tournez \u00e0 droite puis \u00e0 gauche et vous trouverez (apr\u00e8s 15 m\u00e8tres) notre entr\u00e9e \u00e0 votre droite.<\/p>\n<p>[\/vc_column_text][\/vc_column][\/vc_row]<\/p>\n<\/div>","protected":false},"excerpt":{"rendered":"<p>[vc_row full_width=\u00a0\u00bbstretch_row_content\u00a0\u00bb][vc_column][vc_raw_html]PGRpdiBjbGFzcz0iYXJyb3ctd3JhcHBlciI+PGRpdiBjbGFzcz0iYXJyb3ciPjwvZGl2PjwvZGl2Pg==[\/vc_raw_html][\/vc_column][\/vc_row][vc_row full_width=\u00a0\u00bbstretch_row_content\u00a0\u00bb][vc_column][vc_empty_space height=\u00a0\u00bb100px\u00a0\u00bb][vc_column_text] POSITION [\/vc_column_text][vc_empty_space height=\u00a0\u00bb50px\u00a0\u00bb][\/vc_column][\/vc_row][vc_row][vc_column][vc_column_text] [\/vc_column_text][\/vc_column][\/vc_row][vc_row css=\u00a0\u00bb.vc_custom_1547553006946{padding-top: 10px !important;padding-bottom: 50px !important;}\u00a0\u00bb][vc_column][vc_column_text] Ca&rsquo; Angeli se trouve \u00e0 15 minutes de marche des garages de Piazzale Roma et \u00e0 quelques pas de l&rsquo;arr\u00eat ACTV San Silvestro. [\/vc_column_text][\/vc_column][\/vc_row][vc_row full_width=\u00a0\u00bbstretch_row_content_no_spaces\u00a0\u00bb][vc_column][vc_gmaps link=\u00a0\u00bb#E-8_JTNDaWZyYW1lJTIwc3JjJTNEJTIyaHR0cHMlM0ElMkYlMkZ3d3cuZ29vZ2xlLmNvbSUyRm1hcHMlMkZlbWJlZCUzRnBiJTNEJTIxMW0xOCUyMTFtMTIlMjExbTMlMjExZDE4ODMyLjkxNTI0NDAwNTc1JTIxMmQxMi4zMjAxMDkxODQ5NTQ0MDQlMjEzZDQ1LjQzODk4MzAwNDY5OTY0JTIxMm0zJTIxMWYwJTIxMmYwJTIxM2YwJTIxM20yJTIxMWkxMDI0JTIxMmk3NjglMjE0ZjEzLjElMjEzbTMlMjExbTIlMjExczB4NDc3ZWIxZGFiM2U4MWQxNSUyNTNBMHg4ZmRmYjJiYzkzZDVlMmExJTIxMnNDYSUyNiUyMzM5JTNCJTI1MjBBbmdlbGklMjUyMEx1eHVyeSUyNTIwR3Vlc3QlMjUyMEhvdXNlJTIxNWUwJTIxM20yJTIxMXNpdCUyMTJzaXQlMjE0djE3MzIyNzQ1OTE2MDglMjE1bTIlMjExc2l0JTIxMnNpdCUyMiUyMHdpZHRoJTNEJTIyNjAwJTIyJTIwaGVpZ2h0JTNEJTIyNDUwJTIyJTIwc3R5bGUlM0QlMjJib3JkZXIlM0EwJTNCJTIyJTIwYWxsb3dmdWxsc2NyZWVuJTNEJTIyJTIyJTIwbG9hZGluZyUzRCUyMmxhenklMjIlMjByZWZlcnJlcnBvbGljeSUzRCUyMm5vLXJlZmVycmVyLXdoZW4tZG93bmdyYWRlJTIyJTNFJTNDJTJGaWZyYW1lJTNF\u00a0\u00bb size=\u00a0\u00bb800px\u00a0\u00bb][vc_empty_space height=\u00a0\u00bb40px\u00a0\u00bb][\/vc_column][\/vc_row][vc_row css=\u00a0\u00bb.vc_custom_1547712153347{padding-top: 50px !important;padding-bottom: 50px !important;}\u00a0\u00bb][vc_column][vc_column_text] Comment y arriver [\/vc_column_text][\/vc_column][\/vc_row][vc_row full_width=\u00a0\u00bbstretch_row_content\u00a0\u00bb gap=\u00a0\u00bb35&Prime; css=\u00a0\u00bb.vc_custom_1547712291318{padding-bottom: 50px !important;}\u00a0\u00bb][vc_column&hellip;<\/p>\n","protected":false},"author":1,"featured_media":0,"parent":0,"menu_order":0,"comment_status":"closed","ping_status":"closed","template":"","meta":{"footnotes":""},"class_list":["post-675","page","type-page","status-publish","hentry","description-off"],"_links":{"self":[{"href":"https:\/\/www.caangeli.it\/fr\/wp-json\/wp\/v2\/pages\/675","targetHints":{"allow":["GET"]}}],"collection":[{"href":"https:\/\/www.caangeli.it\/fr\/wp-json\/wp\/v2\/pages"}],"about":[{"href":"https:\/\/www.caangeli.it\/fr\/wp-json\/wp\/v2\/types\/page"}],"author":[{"embeddable":true,"href":"https:\/\/www.caangeli.it\/fr\/wp-json\/wp\/v2\/users\/1"}],"replies":[{"embeddable":true,"href":"https:\/\/www.caangeli.it\/fr\/wp-json\/wp\/v2\/comments?post=675"}],"version-history":[{"count":7,"href":"https:\/\/www.caangeli.it\/fr\/wp-json\/wp\/v2\/pages\/675\/revisions"}],"predecessor-version":[{"id":769,"href":"https:\/\/www.caangeli.it\/fr\/wp-json\/wp\/v2\/pages\/675\/revisions\/769"}],"wp:attachment":[{"href":"https:\/\/www.caangeli.it\/fr\/wp-json\/wp\/v2\/media?parent=675"}],"curies":[{"name":"wp","href":"https:\/\/api.w.org\/{rel}","templated":true}]}}