{"id":635,"date":"2019-01-10T15:57:40","date_gmt":"2019-01-10T14:57:40","guid":{"rendered":"https:\/\/www.caangeli.it\/accueil\/"},"modified":"2025-07-28T15:29:04","modified_gmt":"2025-07-28T13:29:04","slug":"accueil","status":"publish","type":"page","link":"https:\/\/www.caangeli.it\/fr\/","title":{"rendered":"Accueil"},"content":{"rendered":"<div class=\"wpb-content-wrapper\"><p>[vc_row full_width=\u00a0\u00bbstretch_row_content_no_spaces\u00a0\u00bb][vc_column]\n\t\t\t<!-- START Home REVOLUTION SLIDER 6.6.18 --><p class=\"rs-p-wp-fix\"><\/p>\n\t\t\t<rs-module-wrap id=\"rev_slider_1_1_wrapper\" data-source=\"gallery\" style=\"visibility:hidden;background:transparent;padding:0;\">\n\t\t\t\t<rs-module id=\"rev_slider_1_1\" style=\"\" data-version=\"6.6.18\">\n\t\t\t\t\t<rs-slides style=\"overflow: hidden; position: absolute;\">\n\t\t\t\t\t\t<rs-slide style=\"position: absolute;\" data-key=\"rs-1\" data-title=\"Slide\" data-anim=\"adpr:false;\" data-in=\"o:0;\" data-out=\"a:false;\">\n\t\t\t\t\t\t\t<img decoding=\"async\" src=\"\/\/www.caangeli.it\/wp-content\/plugins\/revslider\/public\/assets\/assets\/dummy.png\" alt=\"\" title=\"Accueil\" class=\"rev-slidebg tp-rs-img rs-lazyload\" data-lazyload=\"\/\/www.caangeli.it\/wp-content\/uploads\/2024\/11\/snap-scaled.jpg\" data-no-retina>\n\t\t\t\t\t\t\t<rs-bgvideo \n\t\t\t\t\t\t\t\tdata-video=\"w:100%;h:100%;nse:false;l:true;ptimer:false;vfc:true;\"\n\t\t\t\t\t\t\t\tdata-mp4=\"\/\/www.caangeli.it\/CaAngeli_def.mp4\"\n\t\t\t\t\t\t\t><\/rs-bgvideo>\n<!---->\t\t\t\t\t\t<\/rs-slide>\n\t\t\t\t\t<\/rs-slides>\n\t\t\t\t<\/rs-module>\n\t\t\t\t<script>\n\t\t\t\t\tsetREVStartSize({c: 'rev_slider_1_1',rl:[1240,1024,778,480],el:[700],gw:[1920],gh:[700],type:'standard',justify:'',layout:'fullscreen',offsetContainer:'',offset:'',mh:\"0\"});if (window.RS_MODULES!==undefined && window.RS_MODULES.modules!==undefined && window.RS_MODULES.modules[\"revslider11\"]!==undefined) {window.RS_MODULES.modules[\"revslider11\"].once = false;window.revapi1 = undefined;if (window.RS_MODULES.checkMinimal!==undefined) window.RS_MODULES.checkMinimal()}\n\t\t\t\t<\/script>\n\t\t\t<\/rs-module-wrap>\n\t\t\t<!-- END REVOLUTION SLIDER -->\n[vc_raw_html]PGRpdiBjbGFzcz0iYXJyb3ctd3JhcHBlciI+PGRpdiBjbGFzcz0iYXJyb3ciPjwvZGl2PjwvZGl2Pg==[\/vc_raw_html][\/vc_column][\/vc_row][vc_row full_width=\u00a0\u00bbstretch_row\u00a0\u00bb css=\u00a0\u00bb.vc_custom_1547135686081{padding-top: 100px !important;padding-bottom: 40px !important;}\u00a0\u00bb][vc_column width=\u00a0\u00bb1\/2&Prime;][vc_column_text]<\/p>\n<h1>Ca&rsquo; Angeli &#8211; Venise<\/h1>\n<p>[\/vc_column_text][vc_empty_space][vc_column_text]Surplombant le Grand Canal, \u00e0 quelques pas de Campo San Polo et du Rialto, dans une r\u00e9sidence familiale se trouve Ca&rsquo; Angeli, une ancienne r\u00e9sidence v\u00e9nitienne qui, gr\u00e2ce \u00e0 de r\u00e9cents travaux de restauration, a pu conserver les caract\u00e9ristiques architecturales, les plafonds et les sols d&rsquo;origine de l&rsquo;\u00e9poque, en s&rsquo;enrichissant de tous les conforts n\u00e9cessaires pour offrir un s\u00e9jour \u00e9l\u00e9gant et raffin\u00e9 au c\u0153ur de Venise.<\/p>\n<p>Situ\u00e9 dans le centre historique de la ville, dans le quartier de San Polo, Ca&rsquo; Angeli se trouve \u00e0 quelques pas des sites culturels les plus c\u00e9l\u00e8bres &#8211; Basilica dei Frari, Scuola Grande di San Rocco &#8211; du Rialto, une place de Bacari et de restaurants, et enfin de la rue commer\u00e7ante Mercerie.[\/vc_column_text][vc_empty_space height=\u00a0\u00bb10px\u00a0\u00bb][\/vc_column][vc_column width=\u00a0\u00bb1\/2&Prime;][vc_single_image image=\u00a0\u00bb823&Prime; img_size=\u00a0\u00bb800&#215;600&Prime;][\/vc_column][\/vc_row][vc_row full_width=\u00a0\u00bbstretch_row_content\u00a0\u00bb parallax=\u00a0\u00bbcontent-moving-fade\u00a0\u00bb parallax_image=\u00a0\u00bb786&Prime;][vc_column][vc_empty_space height=\u00a0\u00bb600px\u00a0\u00bb][\/vc_column][\/vc_row][vc_row full_width=\u00a0\u00bbstretch_row_content_no_spaces\u00a0\u00bb css=\u00a0\u00bb.vc_custom_1732274643004{padding-top: 40px !important;padding-bottom: 0px !important;}\u00a0\u00bb][vc_column][vc_column_text]<\/p>\n<h1 style=\"text-align: center;\"><a href=\"https:\/\/www.caangeli.it\/location\/\">Comment Nous Rejoindre<\/a><\/h1>\n<p>[\/vc_column_text][vc_empty_space height=\u00a0\u00bb80px\u00a0\u00bb][vc_gmaps link=\u00a0\u00bb#E-8_JTNDaWZyYW1lJTIwc3JjJTNEJTIyaHR0cHMlM0ElMkYlMkZ3d3cuZ29vZ2xlLmNvbSUyRm1hcHMlMkZlbWJlZCUzRnBiJTNEJTIxMW0xOCUyMTFtMTIlMjExbTMlMjExZDE4ODMyLjkxNTI0NDAwNTc1JTIxMmQxMi4zMjAxMDkxODQ5NTQ0MDQlMjEzZDQ1LjQzODk4MzAwNDY5OTY0JTIxMm0zJTIxMWYwJTIxMmYwJTIxM2YwJTIxM20yJTIxMWkxMDI0JTIxMmk3NjglMjE0ZjEzLjElMjEzbTMlMjExbTIlMjExczB4NDc3ZWIxZGFiM2U4MWQxNSUyNTNBMHg4ZmRmYjJiYzkzZDVlMmExJTIxMnNDYSUyNiUyMzM5JTNCJTI1MjBBbmdlbGklMjUyMEx1eHVyeSUyNTIwR3Vlc3QlMjUyMEhvdXNlJTIxNWUwJTIxM20yJTIxMXNpdCUyMTJzaXQlMjE0djE3MzIyNzQ1OTE2MDglMjE1bTIlMjExc2l0JTIxMnNpdCUyMiUyMHdpZHRoJTNEJTIyNjAwJTIyJTIwaGVpZ2h0JTNEJTIyNDUwJTIyJTIwc3R5bGUlM0QlMjJib3JkZXIlM0EwJTNCJTIyJTIwYWxsb3dmdWxsc2NyZWVuJTNEJTIyJTIyJTIwbG9hZGluZyUzRCUyMmxhenklMjIlMjByZWZlcnJlcnBvbGljeSUzRCUyMm5vLXJlZmVycmVyLXdoZW4tZG93bmdyYWRlJTIyJTNFJTNDJTJGaWZyYW1lJTNF\u00a0\u00bb size=\u00a0\u00bb800px\u00a0\u00bb][vc_empty_space height=\u00a0\u00bb40px\u00a0\u00bb][\/vc_column][\/vc_row]<\/p>\n<\/div>","protected":false},"excerpt":{"rendered":"<p>[vc_row full_width=\u00a0\u00bbstretch_row_content_no_spaces\u00a0\u00bb][vc_column][vc_raw_html]PGRpdiBjbGFzcz0iYXJyb3ctd3JhcHBlciI+PGRpdiBjbGFzcz0iYXJyb3ciPjwvZGl2PjwvZGl2Pg==[\/vc_raw_html][\/vc_column][\/vc_row][vc_row full_width=\u00a0\u00bbstretch_row\u00a0\u00bb css=\u00a0\u00bb.vc_custom_1547135686081{padding-top: 100px !important;padding-bottom: 40px !important;}\u00a0\u00bb][vc_column width=\u00a0\u00bb1\/2&Prime;][vc_column_text] Ca&rsquo; Angeli &#8211; Venise [\/vc_column_text][vc_empty_space][vc_column_text]Surplombant le Grand Canal, \u00e0 quelques pas de Campo San Polo et du Rialto, dans une r\u00e9sidence familiale se trouve Ca&rsquo; Angeli, une ancienne r\u00e9sidence v\u00e9nitienne qui, gr\u00e2ce \u00e0 de r\u00e9cents travaux de restauration, a pu conserver les caract\u00e9ristiques architecturales, les plafonds&hellip;<\/p>\n","protected":false},"author":1,"featured_media":0,"parent":0,"menu_order":0,"comment_status":"closed","ping_status":"closed","template":"","meta":{"footnotes":""},"class_list":["post-635","page","type-page","status-publish","hentry","description-off"],"_links":{"self":[{"href":"https:\/\/www.caangeli.it\/fr\/wp-json\/wp\/v2\/pages\/635","targetHints":{"allow":["GET"]}}],"collection":[{"href":"https:\/\/www.caangeli.it\/fr\/wp-json\/wp\/v2\/pages"}],"about":[{"href":"https:\/\/www.caangeli.it\/fr\/wp-json\/wp\/v2\/types\/page"}],"author":[{"embeddable":true,"href":"https:\/\/www.caangeli.it\/fr\/wp-json\/wp\/v2\/users\/1"}],"replies":[{"embeddable":true,"href":"https:\/\/www.caangeli.it\/fr\/wp-json\/wp\/v2\/comments?post=635"}],"version-history":[{"count":6,"href":"https:\/\/www.caangeli.it\/fr\/wp-json\/wp\/v2\/pages\/635\/revisions"}],"predecessor-version":[{"id":830,"href":"https:\/\/www.caangeli.it\/fr\/wp-json\/wp\/v2\/pages\/635\/revisions\/830"}],"wp:attachment":[{"href":"https:\/\/www.caangeli.it\/fr\/wp-json\/wp\/v2\/media?parent=635"}],"curies":[{"name":"wp","href":"https:\/\/api.w.org\/{rel}","templated":true}]}}