{"id":681,"date":"2019-04-23T11:22:56","date_gmt":"2019-04-23T09:22:56","guid":{"rendered":"https:\/\/www.caangeli.it\/posicion\/"},"modified":"2025-02-05T16:52:52","modified_gmt":"2025-02-05T15:52:52","slug":"posicion","status":"publish","type":"page","link":"https:\/\/www.caangeli.it\/es\/posicion\/","title":{"rendered":"Posicion"},"content":{"rendered":"<div class=\"wpb-content-wrapper\"><p>[vc_row full_width=\u00bbstretch_row_content\u00bb][vc_column]\n\t\t\t<!-- START location REVOLUTION SLIDER 6.6.18 --><p class=\"rs-p-wp-fix\"><\/p>\n\t\t\t<rs-module-wrap id=\"rev_slider_6_1_wrapper\" data-source=\"gallery\" style=\"visibility:hidden;background:transparent;padding:0;\">\n\t\t\t\t<rs-module id=\"rev_slider_6_1\" style=\"\" data-version=\"6.6.18\">\n\t\t\t\t\t<rs-slides style=\"overflow: hidden; position: absolute;\">\n\t\t\t\t\t\t<rs-slide style=\"position: absolute;\" data-key=\"rs-9\" data-title=\"Slide\" data-anim=\"adpr:false;\">\n\t\t\t\t\t\t\t<img decoding=\"async\" src=\"\/\/www.caangeli.it\/wp-content\/plugins\/revslider\/public\/assets\/assets\/dummy.png\" alt=\"\" title=\"Posicion\" class=\"rev-slidebg tp-rs-img rs-lazyload\" data-lazyload=\"\/\/www.caangeli.it\/wp-content\/uploads\/2024\/11\/HEADER2.jpg\" data-no-retina>\n<!---->\t\t\t\t\t\t<\/rs-slide>\n\t\t\t\t\t<\/rs-slides>\n\t\t\t\t<\/rs-module>\n\t\t\t\t<script>\n\t\t\t\t\tsetREVStartSize({c: 'rev_slider_6_1',rl:[1240,1024,778,480],el:[],gw:[1240],gh:[868],type:'standard',justify:'',layout:'fullscreen',offsetContainer:'',offset:'',mh:\"0\"});if (window.RS_MODULES!==undefined && window.RS_MODULES.modules!==undefined && window.RS_MODULES.modules[\"revslider61\"]!==undefined) {window.RS_MODULES.modules[\"revslider61\"].once = false;window.revapi6 = undefined;if (window.RS_MODULES.checkMinimal!==undefined) window.RS_MODULES.checkMinimal()}\n\t\t\t\t<\/script>\n\t\t\t<\/rs-module-wrap>\n\t\t\t<!-- END REVOLUTION SLIDER -->\n[vc_raw_html]PGRpdiBjbGFzcz0iYXJyb3ctd3JhcHBlciI+PGRpdiBjbGFzcz0iYXJyb3ciPjwvZGl2PjwvZGl2Pg==[\/vc_raw_html][\/vc_column][\/vc_row][vc_row full_width=\u00bbstretch_row_content\u00bb][vc_column][vc_empty_space height=\u00bb100px\u00bb][vc_column_text]<\/p>\n<h1 style=\"text-align: center;\">POSICION<\/h1>\n<p>[\/vc_column_text][vc_empty_space height=\u00bb50px\u00bb][\/vc_column][\/vc_row][vc_row][vc_column][vc_column_text]<br \/>\n[\/vc_column_text][\/vc_column][\/vc_row][vc_row css=\u00bb.vc_custom_1547553006946{padding-top: 10px !important;padding-bottom: 50px !important;}\u00bb][vc_column][vc_column_text]<\/p>\n<p style=\"text-align: center;\">Ca&#8217; Angeli est\u00e1 a 15 minutos a pie de los garajes de Piazzale Roma y a pocos pasos de la parada de ACTV San Silvestro.<\/p>\n<p>[\/vc_column_text][\/vc_column][\/vc_row][vc_row full_width=\u00bbstretch_row_content_no_spaces\u00bb][vc_column][vc_gmaps link=\u00bb#E-8_JTNDaWZyYW1lJTIwc3JjJTNEJTIyaHR0cHMlM0ElMkYlMkZ3d3cuZ29vZ2xlLmNvbSUyRm1hcHMlMkZlbWJlZCUzRnBiJTNEJTIxMW0xOCUyMTFtMTIlMjExbTMlMjExZDE4ODMyLjkxNTI0NDAwNTc1JTIxMmQxMi4zMjAxMDkxODQ5NTQ0MDQlMjEzZDQ1LjQzODk4MzAwNDY5OTY0JTIxMm0zJTIxMWYwJTIxMmYwJTIxM2YwJTIxM20yJTIxMWkxMDI0JTIxMmk3NjglMjE0ZjEzLjElMjEzbTMlMjExbTIlMjExczB4NDc3ZWIxZGFiM2U4MWQxNSUyNTNBMHg4ZmRmYjJiYzkzZDVlMmExJTIxMnNDYSUyNiUyMzM5JTNCJTI1MjBBbmdlbGklMjUyMEx1eHVyeSUyNTIwR3Vlc3QlMjUyMEhvdXNlJTIxNWUwJTIxM20yJTIxMXNpdCUyMTJzaXQlMjE0djE3MzIyNzQ1OTE2MDglMjE1bTIlMjExc2l0JTIxMnNpdCUyMiUyMHdpZHRoJTNEJTIyNjAwJTIyJTIwaGVpZ2h0JTNEJTIyNDUwJTIyJTIwc3R5bGUlM0QlMjJib3JkZXIlM0EwJTNCJTIyJTIwYWxsb3dmdWxsc2NyZWVuJTNEJTIyJTIyJTIwbG9hZGluZyUzRCUyMmxhenklMjIlMjByZWZlcnJlcnBvbGljeSUzRCUyMm5vLXJlZmVycmVyLXdoZW4tZG93bmdyYWRlJTIyJTNFJTNDJTJGaWZyYW1lJTNF\u00bb size=\u00bb800px\u00bb][vc_empty_space height=\u00bb40px\u00bb][\/vc_column][\/vc_row][vc_row css=\u00bb.vc_custom_1547712153347{padding-top: 50px !important;padding-bottom: 50px !important;}\u00bb][vc_column][vc_column_text]<\/p>\n<h2 style=\"text-align: center;\">\u00bfC\u00f3mo llegar?<\/h2>\n<p>[\/vc_column_text][\/vc_column][\/vc_row][vc_row full_width=\u00bbstretch_row_content\u00bb gap=\u00bb35&#8243; css=\u00bb.vc_custom_1547712291318{padding-bottom: 50px !important;}\u00bb][vc_column width=\u00bb1\/3&#8243; css=\u00bb.vc_custom_1624271879949{padding-top: 35px !important;padding-right: 35px !important;padding-bottom: 35px !important;padding-left: 35px !important;background-color: #f4f4f4 !important;}\u00bb][vc_icon icon_fontawesome=\u00bbfa fa-plane\u00bb color=\u00bbblack\u00bb size=\u00bbxl\u00bb align=\u00bbcenter\u00bb][vc_column_text]<\/p>\n<h3 style=\"text-align: center;\">Para los que llegan desde el aeropuerto<\/h3>\n<p style=\"text-align: center;\"><i>&#8211; Desde el aeropuerto \u00abMarco Polo\u00bb de Venecia<\/i>, existen diferentes formas de llegar, entre las cuales usted puede elegir:<br \/>\n1) Taxi acu\u00e0tico privado desde el aeropuerto hasta el muelle de la calle del Ca&#8217; Angeli (15 metros del muelle) &#8211; S.Polo Calle del Tragheto de la Madoneta n. 1434, el precio es alrededor de 130,00\/140,00 Euro (tarifa d\u00eca\/noche) y toma alrededor de 30 minutos;<br \/>\n2) Alilaguna <i>\u00ablinea naranja\u00bb<\/i> barco (<a href=\"http:\/\/www.alilaguna.it\/\">http:\/\/www.alilaguna.it<\/a>) hacia Rialto (toma alrededor de 1 hora) despues tomar el bote de ACTV linea <i>n. 1<\/i> y bajar en la parada de S.Silvestro;<br \/>\n3) Autobus azul \u00abATVO\u00bb hacia Venecia (https:\/\/www.atvo.it\/it-servizio-aeroporti.html). Bajar en Piazzale Roma hasta la \u00f9ltima parada (toma alrededor de 20 minutos);<br \/>\n4) Autobus \u00abActv\u00bb # 5 hacia Venecia (<a href=\"http:\/\/www.actv.it\/\">http:\/\/www.actv.it<\/a>). Bajar en Piazzale Roma hasta la \u00f9ltima parada (toma alrededor de 25 minutos)<\/p>\n<p style=\"text-align: center;\">&#8211; LLegar desde el aeropuerto de \u00abCanova\u00bb <i>Treviso<\/i>:<br \/>\n&#8211; Autobus azul \u00abATVO\u00bb hacia Venecia (https:\/\/www.atvo.it\/it-servizio-aeroporti.html) Bajar en Piazzale Roma hasta la \u00f9ltima parada (toma alrededor de 20 minutos).<\/p>\n<p>[\/vc_column_text][\/vc_column][vc_column width=\u00bb1\/3&#8243; css=\u00bb.vc_custom_1624271891641{padding-top: 35px !important;padding-right: 35px !important;padding-bottom: 35px !important;padding-left: 35px !important;background-color: #f4f4f4 !important;}\u00bb][vc_icon icon_fontawesome=\u00bbfa fa-car\u00bb color=\u00bbblack\u00bb size=\u00bbxl\u00bb align=\u00bbcenter\u00bb][vc_column_text]<\/p>\n<h3 style=\"text-align: center;\">Para los que llegan en coche<\/h3>\n<p style=\"text-align: center;\">Llegar en<span class=\"Apple-converted-space\">\u00a0 <\/span>autom\u00f2bil a la terminal \u00abPiazzale Roma\u00bb, le recomendamos chacar la opciones en la Autorimessa Comunale: <a href=\"http:\/\/avm.avmspa.it\/it\/content\/autorimessa-comunale-0\">http:\/\/avm.avmspa.it\/en\/content\/autorimessa-comunale-city-parking-garage<\/a><\/p>\n<p style=\"text-align: center;\">o tambi\u00e9n puede ver este \u00f9til sitio &#8211;<span class=\"Apple-converted-space\">\u00a0 <\/span><a href=\"http:\/\/www.comune.venezia.it\/\">http:\/\/www.comune.venezia.it<\/a><\/p>\n<p>[\/vc_column_text][\/vc_column][vc_column width=\u00bb1\/3&#8243; css=\u00bb.vc_custom_1624271899316{padding-top: 35px !important;padding-right: 35px !important;padding-bottom: 35px !important;padding-left: 35px !important;background-color: #f4f4f4 !important;}\u00bb][vc_icon icon_fontawesome=\u00bbfa fa-train\u00bb color=\u00bbblack\u00bb size=\u00bbxl\u00bb align=\u00bbcenter\u00bb][vc_column_text]<\/p>\n<h3 style=\"text-align: center;\">Para los que llegan en tren<\/h3>\n<p style=\"text-align: center;\"><i>Llegar en tren <\/i>a la estaci\u00f2n \u00abSanta Lucia\u00bb:<br \/>\n<i>o desde Piazzale Roma\/ Terminal de autobuses<\/i><i><\/i><\/p>\n<p style=\"text-align: center;\"><i>Se puede tomar un taxi acuatico privado <\/i>hacia Ca&#8217; Angeli (a 15 metros de la parada) &#8211; <i>S.Polo Calle del Tragheto de la Madoneta n. 1434<\/i> (el precio est\u00e0 entre 70,00 \/ 80,00 Euro y se realiza en alrededor de 10 minutos)<br \/>\n&#8211; o tomar el vaporetto(trasporte p\u00f9blico)ACTV ( <a href=\"http:\/\/www.actv.it\/english\/navigazione.php?pagina=tariffe_vaporetto\">http:\/\/www.actv.it<\/a>) # 1 en direction hacia Lido (toma alrededor de 20 minutos). Bajar en la parada de S.Silvestro<span class=\"Apple-converted-space\">\u00a0 <\/span>(se puede copmprar un pase de 12 o 72 horas de duracion visitando el siguiente enlace <a href=\"http:\/\/www.venicecard.com\/\">www.venicecard.com<\/a>);<br \/>\nD\u00e9spues de bajar del barco seguir recto, pasando por debajo de un p\u00f2rtico,<span class=\"Apple-converted-space\">\u00a0 <\/span>luego girar a la izquierda y luego a la derecha para llegar al \u00abCampo San Aponal\u00bb (hay un pozo en el centro), una vez en el Campo (Plaza) girar a la izquierda en la \u00abCalle de Mezzo\u00bb y seguir hasta el final. Entonces llegar\u00e0 a otra peque\u00f1a \u00abplaza\u00bb llamada \u00abCampiello dei Meloni\u00bb seguir todo recto, tr\u00e0s otros 10 metros podr\u00e0 localizar una pasteler\u00eca (\u00abPasticceria Rizzardini\u00bb) girar a la izquierda despu\u00e9s de la pasteler\u00eca y seguir en la \u00abCalle del Forno\u00bb,<span class=\"Apple-converted-space\">\u00a0 <\/span>al final de la calle girar a la derecha, despu\u00e9s a la izquierda, seguir por otros15 metros y encuentrar\u00e0 nuestra entrada a su derecha.<span class=\"Apple-converted-space\">\u00a0<\/span><\/p>\n<p>[\/vc_column_text][\/vc_column][\/vc_row]<\/p>\n<\/div>","protected":false},"excerpt":{"rendered":"<p>[vc_row full_width=\u00bbstretch_row_content\u00bb][vc_column][vc_raw_html]PGRpdiBjbGFzcz0iYXJyb3ctd3JhcHBlciI+PGRpdiBjbGFzcz0iYXJyb3ciPjwvZGl2PjwvZGl2Pg==[\/vc_raw_html][\/vc_column][\/vc_row][vc_row full_width=\u00bbstretch_row_content\u00bb][vc_column][vc_empty_space height=\u00bb100px\u00bb][vc_column_text] POSICION [\/vc_column_text][vc_empty_space height=\u00bb50px\u00bb][\/vc_column][\/vc_row][vc_row][vc_column][vc_column_text] [\/vc_column_text][\/vc_column][\/vc_row][vc_row css=\u00bb.vc_custom_1547553006946{padding-top: 10px !important;padding-bottom: 50px !important;}\u00bb][vc_column][vc_column_text] Ca&#8217; Angeli est\u00e1 a 15 minutos a pie de los garajes de Piazzale Roma y a pocos pasos de la parada de ACTV San Silvestro. [\/vc_column_text][\/vc_column][\/vc_row][vc_row full_width=\u00bbstretch_row_content_no_spaces\u00bb][vc_column][vc_gmaps link=\u00bb#E-8_JTNDaWZyYW1lJTIwc3JjJTNEJTIyaHR0cHMlM0ElMkYlMkZ3d3cuZ29vZ2xlLmNvbSUyRm1hcHMlMkZlbWJlZCUzRnBiJTNEJTIxMW0xOCUyMTFtMTIlMjExbTMlMjExZDE4ODMyLjkxNTI0NDAwNTc1JTIxMmQxMi4zMjAxMDkxODQ5NTQ0MDQlMjEzZDQ1LjQzODk4MzAwNDY5OTY0JTIxMm0zJTIxMWYwJTIxMmYwJTIxM2YwJTIxM20yJTIxMWkxMDI0JTIxMmk3NjglMjE0ZjEzLjElMjEzbTMlMjExbTIlMjExczB4NDc3ZWIxZGFiM2U4MWQxNSUyNTNBMHg4ZmRmYjJiYzkzZDVlMmExJTIxMnNDYSUyNiUyMzM5JTNCJTI1MjBBbmdlbGklMjUyMEx1eHVyeSUyNTIwR3Vlc3QlMjUyMEhvdXNlJTIxNWUwJTIxM20yJTIxMXNpdCUyMTJzaXQlMjE0djE3MzIyNzQ1OTE2MDglMjE1bTIlMjExc2l0JTIxMnNpdCUyMiUyMHdpZHRoJTNEJTIyNjAwJTIyJTIwaGVpZ2h0JTNEJTIyNDUwJTIyJTIwc3R5bGUlM0QlMjJib3JkZXIlM0EwJTNCJTIyJTIwYWxsb3dmdWxsc2NyZWVuJTNEJTIyJTIyJTIwbG9hZGluZyUzRCUyMmxhenklMjIlMjByZWZlcnJlcnBvbGljeSUzRCUyMm5vLXJlZmVycmVyLXdoZW4tZG93bmdyYWRlJTIyJTNFJTNDJTJGaWZyYW1lJTNF\u00bb size=\u00bb800px\u00bb][vc_empty_space height=\u00bb40px\u00bb][\/vc_column][\/vc_row][vc_row css=\u00bb.vc_custom_1547712153347{padding-top: 50px !important;padding-bottom: 50px !important;}\u00bb][vc_column][vc_column_text] \u00bfC\u00f3mo llegar? [\/vc_column_text][\/vc_column][\/vc_row][vc_row full_width=\u00bbstretch_row_content\u00bb gap=\u00bb35&#8243; css=\u00bb.vc_custom_1547712291318{padding-bottom: 50px&hellip;<\/p>\n","protected":false},"author":1,"featured_media":0,"parent":0,"menu_order":0,"comment_status":"closed","ping_status":"closed","template":"","meta":{"footnotes":""},"class_list":["post-681","page","type-page","status-publish","hentry","description-off"],"_links":{"self":[{"href":"https:\/\/www.caangeli.it\/es\/wp-json\/wp\/v2\/pages\/681","targetHints":{"allow":["GET"]}}],"collection":[{"href":"https:\/\/www.caangeli.it\/es\/wp-json\/wp\/v2\/pages"}],"about":[{"href":"https:\/\/www.caangeli.it\/es\/wp-json\/wp\/v2\/types\/page"}],"author":[{"embeddable":true,"href":"https:\/\/www.caangeli.it\/es\/wp-json\/wp\/v2\/users\/1"}],"replies":[{"embeddable":true,"href":"https:\/\/www.caangeli.it\/es\/wp-json\/wp\/v2\/comments?post=681"}],"version-history":[{"count":5,"href":"https:\/\/www.caangeli.it\/es\/wp-json\/wp\/v2\/pages\/681\/revisions"}],"predecessor-version":[{"id":770,"href":"https:\/\/www.caangeli.it\/es\/wp-json\/wp\/v2\/pages\/681\/revisions\/770"}],"wp:attachment":[{"href":"https:\/\/www.caangeli.it\/es\/wp-json\/wp\/v2\/media?parent=681"}],"curies":[{"name":"wp","href":"https:\/\/api.w.org\/{rel}","templated":true}]}}