{"id":687,"date":"2019-04-23T11:20:52","date_gmt":"2019-04-23T09:20:52","guid":{"rendered":"https:\/\/www.caangeli.it\/zimmer\/"},"modified":"2025-01-07T00:45:20","modified_gmt":"2025-01-06T23:45:20","slug":"zimmer","status":"publish","type":"page","link":"https:\/\/www.caangeli.it\/de\/zimmer\/","title":{"rendered":"Zimmer"},"content":{"rendered":"<div class=\"wpb-content-wrapper\"><p>[vc_row full_width=&#8220;stretch_row_content&#8220;][vc_column]\n\t\t\t<!-- START camere REVOLUTION SLIDER 6.6.18 --><p class=\"rs-p-wp-fix\"><\/p>\n\t\t\t<rs-module-wrap id=\"rev_slider_3_1_wrapper\" data-source=\"gallery\" style=\"visibility:hidden;background:transparent;padding:0;\">\n\t\t\t\t<rs-module id=\"rev_slider_3_1\" style=\"\" data-version=\"6.6.18\">\n\t\t\t\t\t<rs-slides style=\"overflow: hidden; position: absolute;\">\n\t\t\t\t\t\t<rs-slide style=\"position: absolute;\" data-key=\"rs-6\" data-title=\"Slide\" data-anim=\"adpr:false;\">\n\t\t\t\t\t\t\t<img decoding=\"async\" src=\"\/\/www.caangeli.it\/wp-content\/plugins\/revslider\/public\/assets\/assets\/dummy.png\" alt=\"\" title=\"Zimmer\" class=\"rev-slidebg tp-rs-img rs-lazyload\" data-lazyload=\"\/\/www.caangeli.it\/wp-content\/uploads\/2024\/11\/HEADER-1.jpg\" data-no-retina>\n<!---->\t\t\t\t\t\t<\/rs-slide>\n\t\t\t\t\t<\/rs-slides>\n\t\t\t\t<\/rs-module>\n\t\t\t\t<script>\n\t\t\t\t\tsetREVStartSize({c: 'rev_slider_3_1',rl:[1240,1024,778,480],el:[],gw:[1240],gh:[868],type:'standard',justify:'',layout:'fullscreen',offsetContainer:'',offset:'',mh:\"0\"});if (window.RS_MODULES!==undefined && window.RS_MODULES.modules!==undefined && window.RS_MODULES.modules[\"revslider31\"]!==undefined) {window.RS_MODULES.modules[\"revslider31\"].once = false;window.revapi3 = undefined;if (window.RS_MODULES.checkMinimal!==undefined) window.RS_MODULES.checkMinimal()}\n\t\t\t\t<\/script>\n\t\t\t<\/rs-module-wrap>\n\t\t\t<!-- END REVOLUTION SLIDER -->\n[vc_raw_html]PGRpdiBjbGFzcz0iYXJyb3ctd3JhcHBlciI+PGRpdiBjbGFzcz0iYXJyb3ciPjwvZGl2PjwvZGl2Pg==[\/vc_raw_html][\/vc_column][\/vc_row][vc_row full_width=&#8220;stretch_row_content&#8220;][vc_column][vc_empty_space height=&#8220;100px&#8220;][vc_column_text]<\/p>\n<h1 style=\"text-align: center;\">ZIMMER<\/h1>\n<p>[\/vc_column_text][vc_empty_space height=&#8220;50px&#8220;][\/vc_column][\/vc_row][vc_row css=&#8220;.vc_custom_1653557960187{padding-top: 10px !important;padding-bottom: 50px !important;}&#8220;][vc_column][vc_column_text]<\/p>\n<p style=\"text-align: center;\">Die Zimmer, die st\u00e4ndig aktualisiert werden, um maximalen Komfort zu bieten, und von denen einige den Canal Grande \u00fcberblicken, sind die ideale Wahl f\u00fcr einen Aufenthalt im historischen Zentrum von Venedig.<br \/>\nCa&#8216; Angeli bietet Klimaanlage, unabh\u00e4ngige Heizung, Minibar, Flachbildschirm-TV-SAT, Safe, Wi-Fi und Haartrockner in jedem Zimmer.<br \/>\nDie privaten Badezimmer werden t\u00e4glich mit weichen Handt\u00fcchern und Toilettenartikeln ausgestattet.<\/p>\n<p>[\/vc_column_text][\/vc_column][\/vc_row][vc_row css=&#8220;.vc_custom_1682629348385{padding-top: 40px !important;padding-bottom: 40px !important;}&#8220;][vc_column]<style type=\"text\/css\" data-type=\"the7_shortcodes-inline-css\">.gallery-shortcode.gallery-masonry-shortcode-id-54fb8dc70e4e20efc2b6f616dd02b315 figure,\n.gallery-shortcode.gallery-masonry-shortcode-id-54fb8dc70e4e20efc2b6f616dd02b315 .rollover,\n.gallery-shortcode.gallery-masonry-shortcode-id-54fb8dc70e4e20efc2b6f616dd02b315 img,\n.gallery-shortcode.gallery-masonry-shortcode-id-54fb8dc70e4e20efc2b6f616dd02b315 .gallery-rollover {\n  border-radius: 0px;\n}\n.gallery-shortcode.gallery-masonry-shortcode-id-54fb8dc70e4e20efc2b6f616dd02b315.enable-bg-rollover .gallery-rollover {\n  background: -webkit-linear-gradient();\n  background: linear-gradient();\n}\n.gallery-shortcode.gallery-masonry-shortcode-id-54fb8dc70e4e20efc2b6f616dd02b315.enable-bg-rollover.hover-scale figure .rollover:after {\n  background: -webkit-linear-gradient();\n  background: linear-gradient();\n}\n.gallery-shortcode.gallery-masonry-shortcode-id-54fb8dc70e4e20efc2b6f616dd02b315 .gallery-zoom-ico {\n  width: 44px;\n  height: 44px;\n  line-height: 44px;\n  border-radius: 100px;\n  margin: -22px 0 0 -22px;\n  border-width: 0px;\n  color: #ffffff;\n}\n.dt-icon-bg-on.gallery-shortcode.gallery-masonry-shortcode-id-54fb8dc70e4e20efc2b6f616dd02b315 .gallery-zoom-ico {\n  background: rgba(255,255,255,0.3);\n  box-shadow: none;\n}\n.gallery-shortcode.gallery-masonry-shortcode-id-54fb8dc70e4e20efc2b6f616dd02b315 .gallery-zoom-ico:before,\n.gallery-shortcode.gallery-masonry-shortcode-id-54fb8dc70e4e20efc2b6f616dd02b315 .gallery-zoom-ico span {\n  font-size: 32px;\n  line-height: 44px;\n  color: #ffffff;\n}\n.gallery-shortcode.gallery-masonry-shortcode-id-54fb8dc70e4e20efc2b6f616dd02b315:not(.resize-by-browser-width) .dt-css-grid {\n  grid-row-gap: 10px;\n  grid-column-gap: 10px;\n  grid-template-columns: repeat(auto-fill,minmax(,1fr));\n}\n.gallery-shortcode.gallery-masonry-shortcode-id-54fb8dc70e4e20efc2b6f616dd02b315:not(.resize-by-browser-width) .dt-css-grid .double-width {\n  grid-column: span 2;\n}\n.cssgridlegacy.no-cssgrid .gallery-shortcode.gallery-masonry-shortcode-id-54fb8dc70e4e20efc2b6f616dd02b315:not(.resize-by-browser-width) .dt-css-grid,\n.no-cssgridlegacy.no-cssgrid .gallery-shortcode.gallery-masonry-shortcode-id-54fb8dc70e4e20efc2b6f616dd02b315:not(.resize-by-browser-width) .dt-css-grid {\n  display: flex;\n  flex-flow: row wrap;\n  margin: -5px;\n}\n.cssgridlegacy.no-cssgrid .gallery-shortcode.gallery-masonry-shortcode-id-54fb8dc70e4e20efc2b6f616dd02b315:not(.resize-by-browser-width) .dt-css-grid .wf-cell,\n.no-cssgridlegacy.no-cssgrid .gallery-shortcode.gallery-masonry-shortcode-id-54fb8dc70e4e20efc2b6f616dd02b315:not(.resize-by-browser-width) .dt-css-grid .wf-cell {\n  flex: 1 0 ;\n  max-width: 100%;\n  padding: 5px;\n  box-sizing: border-box;\n}\n.gallery-shortcode.gallery-masonry-shortcode-id-54fb8dc70e4e20efc2b6f616dd02b315.resize-by-browser-width .dt-css-grid {\n  grid-template-columns: repeat(4,1fr);\n  grid-template-rows: auto;\n  grid-column-gap: 10px;\n  grid-row-gap: 10px;\n}\n.gallery-shortcode.gallery-masonry-shortcode-id-54fb8dc70e4e20efc2b6f616dd02b315.resize-by-browser-width .dt-css-grid .double-width {\n  grid-column: span 2;\n}\n.cssgridlegacy.no-cssgrid .gallery-shortcode.gallery-masonry-shortcode-id-54fb8dc70e4e20efc2b6f616dd02b315.resize-by-browser-width .dt-css-grid {\n  margin: -5px;\n}\n.cssgridlegacy.no-cssgrid .gallery-shortcode.gallery-masonry-shortcode-id-54fb8dc70e4e20efc2b6f616dd02b315.resize-by-browser-width .dt-css-grid .wf-cell {\n  width: 25%;\n  padding: 5px;\n}\n.cssgridlegacy.no-cssgrid .gallery-shortcode.gallery-masonry-shortcode-id-54fb8dc70e4e20efc2b6f616dd02b315.resize-by-browser-width .dt-css-grid .wf-cell.double-width {\n  width: calc(25%) * 2;\n}\n.gallery-shortcode.gallery-masonry-shortcode-id-54fb8dc70e4e20efc2b6f616dd02b315.resize-by-browser-width:not(.centered-layout-list):not(.content-bg-on) .dt-css-grid {\n  grid-row-gap: 10px - ;\n}\n@media screen and (max-width: 1199px) {\n  .gallery-shortcode.gallery-masonry-shortcode-id-54fb8dc70e4e20efc2b6f616dd02b315.resize-by-browser-width .dt-css-grid {\n    grid-template-columns: repeat(4,1fr);\n  }\n  .cssgridlegacy.no-cssgrid .gallery-shortcode.gallery-masonry-shortcode-id-54fb8dc70e4e20efc2b6f616dd02b315.resize-by-browser-width .dt-css-grid .wf-cell,\n  .no-cssgridlegacy.no-cssgrid .gallery-shortcode.gallery-masonry-shortcode-id-54fb8dc70e4e20efc2b6f616dd02b315.resize-by-browser-width .dt-css-grid .wf-cell {\n    width: 25%;\n  }\n  .cssgridlegacy.no-cssgrid .gallery-shortcode.gallery-masonry-shortcode-id-54fb8dc70e4e20efc2b6f616dd02b315.resize-by-browser-width .dt-css-grid .wf-cell.double-width,\n  .no-cssgridlegacy.no-cssgrid .gallery-shortcode.gallery-masonry-shortcode-id-54fb8dc70e4e20efc2b6f616dd02b315.resize-by-browser-width .dt-css-grid .wf-cell.double-width {\n    width: calc(25%)*2;\n  }\n}\n@media screen and (max-width: 991px) {\n  .gallery-shortcode.gallery-masonry-shortcode-id-54fb8dc70e4e20efc2b6f616dd02b315.resize-by-browser-width .dt-css-grid {\n    grid-template-columns: repeat(2,1fr);\n  }\n  .cssgridlegacy.no-cssgrid .gallery-shortcode.gallery-masonry-shortcode-id-54fb8dc70e4e20efc2b6f616dd02b315.resize-by-browser-width .dt-css-grid .wf-cell,\n  .no-cssgridlegacy.no-cssgrid .gallery-shortcode.gallery-masonry-shortcode-id-54fb8dc70e4e20efc2b6f616dd02b315.resize-by-browser-width .dt-css-grid .wf-cell {\n    width: 50%;\n  }\n  .cssgridlegacy.no-cssgrid .gallery-shortcode.gallery-masonry-shortcode-id-54fb8dc70e4e20efc2b6f616dd02b315.resize-by-browser-width .dt-css-grid .wf-cell.double-width,\n  .no-cssgridlegacy.no-cssgrid .gallery-shortcode.gallery-masonry-shortcode-id-54fb8dc70e4e20efc2b6f616dd02b315.resize-by-browser-width .dt-css-grid .wf-cell.double-width {\n    width: calc(50%)*2;\n  }\n}\n@media screen and (max-width: 767px) {\n  .gallery-shortcode.gallery-masonry-shortcode-id-54fb8dc70e4e20efc2b6f616dd02b315.resize-by-browser-width .dt-css-grid {\n    grid-template-columns: repeat(1,1fr);\n  }\n  .cssgridlegacy.no-cssgrid .gallery-shortcode.gallery-masonry-shortcode-id-54fb8dc70e4e20efc2b6f616dd02b315.resize-by-browser-width .dt-css-grid .wf-cell,\n  .no-cssgridlegacy.no-cssgrid .gallery-shortcode.gallery-masonry-shortcode-id-54fb8dc70e4e20efc2b6f616dd02b315.resize-by-browser-width .dt-css-grid .wf-cell {\n    width: 100%;\n  }\n  .cssgridlegacy.no-cssgrid .gallery-shortcode.gallery-masonry-shortcode-id-54fb8dc70e4e20efc2b6f616dd02b315.resize-by-browser-width .dt-css-grid .wf-cell.double-width,\n  .no-cssgridlegacy.no-cssgrid .gallery-shortcode.gallery-masonry-shortcode-id-54fb8dc70e4e20efc2b6f616dd02b315.resize-by-browser-width .dt-css-grid .wf-cell.double-width {\n    width: calc(100%)*2;\n  }\n}\n<\/style><div class=\"gallery-shortcode dt-gallery-container gallery-masonry-shortcode-id-54fb8dc70e4e20efc2b6f616dd02b315 mode-grid jquery-filter dt-icon-bg-off quick-scale-img dt-css-grid-wrap enable-bg-rollover resize-by-browser-width  hover-fade loading-effect-none description-on-hover\" data-padding=\"5px\" data-cur-page=\"1\" data-post-limit=\"-1\" data-pagination-mode=\"none\" data-desktop-columns-num=\"4\" data-v-tablet-columns-num=\"2\" data-h-tablet-columns-num=\"4\" data-phone-columns-num=\"1\" data-width=\"0px\" data-columns=\"0\"><div class=\"dt-css-grid\" ><div class=\"wf-cell\" data-post-id=\"451\" data-date=\"2024-11-22T12:31:37+01:00\" data-name=\"\"><figure class=\"post visible\"><a href=\"https:\/\/www.caangeli.it\/wp-content\/uploads\/2024\/11\/GALLERY4.jpg\" class=\"rollover dt-pswp-item layzr-bg\" data-large_image_width=\"1498\" data-large_image_height=\"998\" data-dt-img-description=\"\" ><img fetchpriority=\"high\" decoding=\"async\" class=\"preload-me iso-lazy-load aspect\" src=\"data:image\/svg+xml,%3Csvg%20xmlns%3D&#39;http%3A%2F%2Fwww.w3.org%2F2000%2Fsvg&#39;%20viewBox%3D&#39;0%200%20768%20512&#39;%2F%3E\" data-src=\"https:\/\/www.caangeli.it\/wp-content\/uploads\/2024\/11\/GALLERY4-768x512.jpg\" data-srcset=\"https:\/\/www.caangeli.it\/wp-content\/uploads\/2024\/11\/GALLERY4-768x512.jpg 768w, https:\/\/www.caangeli.it\/wp-content\/uploads\/2024\/11\/GALLERY4-1152x768.jpg 1152w\" loading=\"eager\" style=\"--ratio: 768 \/ 512\" sizes=\"(max-width: 768px) 100vw, 768px\" alt=\"\" width=\"768\" height=\"512\"  \/><span class=\"gallery-rollover\"><span class=\"gallery-zoom-ico icomoon-the7-font-the7-zoom-06\"><span><\/span><\/span><\/span><\/a><\/figure><\/div><div class=\"wf-cell\" data-post-id=\"455\" data-date=\"2024-11-22T12:31:38+01:00\" data-name=\"\"><figure class=\"post visible\"><a href=\"https:\/\/www.caangeli.it\/wp-content\/uploads\/2024\/11\/GALLERY1.jpg\" class=\"rollover dt-pswp-item layzr-bg\" data-large_image_width=\"1422\" data-large_image_height=\"970\" data-dt-img-description=\"\" ><img decoding=\"async\" class=\"preload-me iso-lazy-load aspect\" src=\"data:image\/svg+xml,%3Csvg%20xmlns%3D&#39;http%3A%2F%2Fwww.w3.org%2F2000%2Fsvg&#39;%20viewBox%3D&#39;0%200%20768%20524&#39;%2F%3E\" data-src=\"https:\/\/www.caangeli.it\/wp-content\/uploads\/2024\/11\/GALLERY1-768x524.jpg\" data-srcset=\"https:\/\/www.caangeli.it\/wp-content\/uploads\/2024\/11\/GALLERY1-768x524.jpg 768w, https:\/\/www.caangeli.it\/wp-content\/uploads\/2024\/11\/GALLERY1-1152x786.jpg 1152w\" loading=\"eager\" style=\"--ratio: 768 \/ 524\" sizes=\"(max-width: 768px) 100vw, 768px\" alt=\"\" width=\"768\" height=\"524\"  \/><span class=\"gallery-rollover\"><span class=\"gallery-zoom-ico icomoon-the7-font-the7-zoom-06\"><span><\/span><\/span><\/span><\/a><\/figure><\/div><div class=\"wf-cell\" data-post-id=\"459\" data-date=\"2024-11-22T12:31:39+01:00\" data-name=\"\"><figure class=\"post visible\"><a href=\"https:\/\/www.caangeli.it\/wp-content\/uploads\/2024\/11\/GALLERY2.jpg\" class=\"rollover dt-pswp-item layzr-bg\" data-large_image_width=\"1329\" data-large_image_height=\"942\" data-dt-img-description=\"\" ><img decoding=\"async\" class=\"preload-me iso-lazy-load aspect\" src=\"data:image\/svg+xml,%3Csvg%20xmlns%3D&#39;http%3A%2F%2Fwww.w3.org%2F2000%2Fsvg&#39;%20viewBox%3D&#39;0%200%20768%20544&#39;%2F%3E\" data-src=\"https:\/\/www.caangeli.it\/wp-content\/uploads\/2024\/11\/GALLERY2-768x544.jpg\" data-srcset=\"https:\/\/www.caangeli.it\/wp-content\/uploads\/2024\/11\/GALLERY2-768x544.jpg 768w, https:\/\/www.caangeli.it\/wp-content\/uploads\/2024\/11\/GALLERY2-1152x816.jpg 1152w\" loading=\"eager\" style=\"--ratio: 768 \/ 544\" sizes=\"(max-width: 768px) 100vw, 768px\" alt=\"\" width=\"768\" height=\"544\"  \/><span class=\"gallery-rollover\"><span class=\"gallery-zoom-ico icomoon-the7-font-the7-zoom-06\"><span><\/span><\/span><\/span><\/a><\/figure><\/div><div class=\"wf-cell\" data-post-id=\"463\" data-date=\"2024-11-22T12:31:40+01:00\" data-name=\"\"><figure class=\"post visible\"><a href=\"https:\/\/www.caangeli.it\/wp-content\/uploads\/2024\/11\/GALLERY3.jpg\" class=\"rollover dt-pswp-item layzr-bg\" data-large_image_width=\"1399\" data-large_image_height=\"967\" data-dt-img-description=\"\" ><img decoding=\"async\" class=\"preload-me iso-lazy-load aspect\" src=\"data:image\/svg+xml,%3Csvg%20xmlns%3D&#39;http%3A%2F%2Fwww.w3.org%2F2000%2Fsvg&#39;%20viewBox%3D&#39;0%200%20768%20531&#39;%2F%3E\" data-src=\"https:\/\/www.caangeli.it\/wp-content\/uploads\/2024\/11\/GALLERY3-768x531.jpg\" data-srcset=\"https:\/\/www.caangeli.it\/wp-content\/uploads\/2024\/11\/GALLERY3-768x531.jpg 768w, https:\/\/www.caangeli.it\/wp-content\/uploads\/2024\/11\/GALLERY3-1152x797.jpg 1152w\" loading=\"eager\" style=\"--ratio: 768 \/ 531\" sizes=\"(max-width: 768px) 100vw, 768px\" alt=\"\" width=\"768\" height=\"531\"  \/><span class=\"gallery-rollover\"><span class=\"gallery-zoom-ico icomoon-the7-font-the7-zoom-06\"><span><\/span><\/span><\/span><\/a><\/figure><\/div><\/div><!-- iso-container|iso-grid --><\/div>[\/vc_column][\/vc_row]<\/p>\n<\/div>","protected":false},"excerpt":{"rendered":"<p>[vc_row full_width=&#8220;stretch_row_content&#8220;][vc_column][vc_raw_html]PGRpdiBjbGFzcz0iYXJyb3ctd3JhcHBlciI+PGRpdiBjbGFzcz0iYXJyb3ciPjwvZGl2PjwvZGl2Pg==[\/vc_raw_html][\/vc_column][\/vc_row][vc_row full_width=&#8220;stretch_row_content&#8220;][vc_column][vc_empty_space height=&#8220;100px&#8220;][vc_column_text] ZIMMER [\/vc_column_text][vc_empty_space height=&#8220;50px&#8220;][\/vc_column][\/vc_row][vc_row css=&#8220;.vc_custom_1653557960187{padding-top: 10px !important;padding-bottom: 50px !important;}&#8220;][vc_column][vc_column_text] Die Zimmer, die st\u00e4ndig aktualisiert werden, um maximalen Komfort zu bieten, und von denen einige den Canal Grande \u00fcberblicken, sind die ideale Wahl f\u00fcr einen Aufenthalt im historischen Zentrum von Venedig. Ca&#8216; Angeli bietet Klimaanlage, unabh\u00e4ngige Heizung, Minibar, Flachbildschirm-TV-SAT, Safe, Wi-Fi und Haartrockner&hellip;<\/p>\n","protected":false},"author":1,"featured_media":0,"parent":0,"menu_order":0,"comment_status":"closed","ping_status":"closed","template":"","meta":{"footnotes":""},"class_list":["post-687","page","type-page","status-publish","hentry","description-off"],"_links":{"self":[{"href":"https:\/\/www.caangeli.it\/de\/wp-json\/wp\/v2\/pages\/687","targetHints":{"allow":["GET"]}}],"collection":[{"href":"https:\/\/www.caangeli.it\/de\/wp-json\/wp\/v2\/pages"}],"about":[{"href":"https:\/\/www.caangeli.it\/de\/wp-json\/wp\/v2\/types\/page"}],"author":[{"embeddable":true,"href":"https:\/\/www.caangeli.it\/de\/wp-json\/wp\/v2\/users\/1"}],"replies":[{"embeddable":true,"href":"https:\/\/www.caangeli.it\/de\/wp-json\/wp\/v2\/comments?post=687"}],"version-history":[{"count":2,"href":"https:\/\/www.caangeli.it\/de\/wp-json\/wp\/v2\/pages\/687\/revisions"}],"predecessor-version":[{"id":689,"href":"https:\/\/www.caangeli.it\/de\/wp-json\/wp\/v2\/pages\/687\/revisions\/689"}],"wp:attachment":[{"href":"https:\/\/www.caangeli.it\/de\/wp-json\/wp\/v2\/media?parent=687"}],"curies":[{"name":"wp","href":"https:\/\/api.w.org\/{rel}","templated":true}]}}