{"id":643,"date":"2019-01-10T15:57:40","date_gmt":"2019-01-10T14:57:40","guid":{"rendered":"https:\/\/www.caangeli.it\/home\/"},"modified":"2025-07-28T15:30:19","modified_gmt":"2025-07-28T13:30:19","slug":"home","status":"publish","type":"page","link":"https:\/\/www.caangeli.it\/de\/","title":{"rendered":"Home"},"content":{"rendered":"<div class=\"wpb-content-wrapper\"><p>[vc_row full_width=&#8220;stretch_row_content_no_spaces&#8220;][vc_column]\n\t\t\t<!-- START Home REVOLUTION SLIDER 6.6.18 --><p class=\"rs-p-wp-fix\"><\/p>\n\t\t\t<rs-module-wrap id=\"rev_slider_1_1_wrapper\" data-source=\"gallery\" style=\"visibility:hidden;background:transparent;padding:0;\">\n\t\t\t\t<rs-module id=\"rev_slider_1_1\" style=\"\" data-version=\"6.6.18\">\n\t\t\t\t\t<rs-slides style=\"overflow: hidden; position: absolute;\">\n\t\t\t\t\t\t<rs-slide style=\"position: absolute;\" data-key=\"rs-1\" data-title=\"Slide\" data-anim=\"adpr:false;\" data-in=\"o:0;\" data-out=\"a:false;\">\n\t\t\t\t\t\t\t<img decoding=\"async\" src=\"\/\/www.caangeli.it\/wp-content\/plugins\/revslider\/public\/assets\/assets\/dummy.png\" alt=\"\" title=\"Home\" class=\"rev-slidebg tp-rs-img rs-lazyload\" data-lazyload=\"\/\/www.caangeli.it\/wp-content\/uploads\/2024\/11\/snap-scaled.jpg\" data-no-retina>\n\t\t\t\t\t\t\t<rs-bgvideo \n\t\t\t\t\t\t\t\tdata-video=\"w:100%;h:100%;nse:false;l:true;ptimer:false;vfc:true;\"\n\t\t\t\t\t\t\t\tdata-mp4=\"\/\/www.caangeli.it\/CaAngeli_def.mp4\"\n\t\t\t\t\t\t\t><\/rs-bgvideo>\n<!---->\t\t\t\t\t\t<\/rs-slide>\n\t\t\t\t\t<\/rs-slides>\n\t\t\t\t<\/rs-module>\n\t\t\t\t<script>\n\t\t\t\t\tsetREVStartSize({c: 'rev_slider_1_1',rl:[1240,1024,778,480],el:[700],gw:[1920],gh:[700],type:'standard',justify:'',layout:'fullscreen',offsetContainer:'',offset:'',mh:\"0\"});if (window.RS_MODULES!==undefined && window.RS_MODULES.modules!==undefined && window.RS_MODULES.modules[\"revslider11\"]!==undefined) {window.RS_MODULES.modules[\"revslider11\"].once = false;window.revapi1 = undefined;if (window.RS_MODULES.checkMinimal!==undefined) window.RS_MODULES.checkMinimal()}\n\t\t\t\t<\/script>\n\t\t\t<\/rs-module-wrap>\n\t\t\t<!-- END REVOLUTION SLIDER -->\n[vc_raw_html]PGRpdiBjbGFzcz0iYXJyb3ctd3JhcHBlciI+PGRpdiBjbGFzcz0iYXJyb3ciPjwvZGl2PjwvZGl2Pg==[\/vc_raw_html][\/vc_column][\/vc_row][vc_row full_width=&#8220;stretch_row&#8220; css=&#8220;.vc_custom_1547135686081{padding-top: 100px !important;padding-bottom: 40px !important;}&#8220;][vc_column width=&#8220;1\/2&#8243;][vc_column_text]<\/p>\n<h1>Ca&#8216; Angeli &#8211; Venedig<\/h1>\n<p>[\/vc_column_text][vc_empty_space][vc_column_text]Mit Blick auf den Canal Grande, nur wenige Schritte vom Campo San Polo und dem Rialto entfernt, befindet sich in einer Familienresidenz das Ca&#8216; Angeli, ein alter venezianischer Wohnsitz, der dank der j\u00fcngsten Restaurierungsarbeiten die urspr\u00fcnglichen architektonischen Merkmale, Decken und Fu\u00dfb\u00f6den der Epoche beibehalten konnte und mit allem Komfort ausgestattet ist, um einen eleganten und raffinierten Aufenthalt im Herzen Venedigs zu bieten.<\/p>\n<p>Ca&#8216; Angeli liegt im historischen Zentrum der Stadt, im Stadtteil San Polo, und ist nur wenige Gehminuten von den ber\u00fchmtesten kulturellen Sehensw\u00fcrdigkeiten &#8211; Basilica dei Frari, Scuola Grande di San Rocco -, vom Rialto, einem Ort der Bacari und Restaurants, und schlie\u00dflich von der Einkaufsstra\u00dfe Mercerie entfernt.[\/vc_column_text][vc_empty_space height=&#8220;10px&#8220;][\/vc_column][vc_column width=&#8220;1\/2&#8243;][vc_single_image image=&#8220;824&#8243; img_size=&#8220;800&#215;600&#8243;][\/vc_column][\/vc_row][vc_row full_width=&#8220;stretch_row_content&#8220; parallax=&#8220;content-moving-fade&#8220; parallax_image=&#8220;787&#8243;][vc_column][vc_empty_space height=&#8220;600px&#8220;][\/vc_column][\/vc_row][vc_row full_width=&#8220;stretch_row_content_no_spaces&#8220; css=&#8220;.vc_custom_1732274643004{padding-top: 40px !important;padding-bottom: 0px !important;}&#8220;][vc_column][vc_column_text]<\/p>\n<h1 style=\"text-align: center;\"><a href=\"https:\/\/www.caangeli.it\/location\/\">So erreichen Sie uns<\/a><\/h1>\n<p>[\/vc_column_text][vc_empty_space height=&#8220;80px&#8220;][vc_gmaps link=&#8220;#E-8_JTNDaWZyYW1lJTIwc3JjJTNEJTIyaHR0cHMlM0ElMkYlMkZ3d3cuZ29vZ2xlLmNvbSUyRm1hcHMlMkZlbWJlZCUzRnBiJTNEJTIxMW0xOCUyMTFtMTIlMjExbTMlMjExZDE4ODMyLjkxNTI0NDAwNTc1JTIxMmQxMi4zMjAxMDkxODQ5NTQ0MDQlMjEzZDQ1LjQzODk4MzAwNDY5OTY0JTIxMm0zJTIxMWYwJTIxMmYwJTIxM2YwJTIxM20yJTIxMWkxMDI0JTIxMmk3NjglMjE0ZjEzLjElMjEzbTMlMjExbTIlMjExczB4NDc3ZWIxZGFiM2U4MWQxNSUyNTNBMHg4ZmRmYjJiYzkzZDVlMmExJTIxMnNDYSUyNiUyMzM5JTNCJTI1MjBBbmdlbGklMjUyMEx1eHVyeSUyNTIwR3Vlc3QlMjUyMEhvdXNlJTIxNWUwJTIxM20yJTIxMXNpdCUyMTJzaXQlMjE0djE3MzIyNzQ1OTE2MDglMjE1bTIlMjExc2l0JTIxMnNpdCUyMiUyMHdpZHRoJTNEJTIyNjAwJTIyJTIwaGVpZ2h0JTNEJTIyNDUwJTIyJTIwc3R5bGUlM0QlMjJib3JkZXIlM0EwJTNCJTIyJTIwYWxsb3dmdWxsc2NyZWVuJTNEJTIyJTIyJTIwbG9hZGluZyUzRCUyMmxhenklMjIlMjByZWZlcnJlcnBvbGljeSUzRCUyMm5vLXJlZmVycmVyLXdoZW4tZG93bmdyYWRlJTIyJTNFJTNDJTJGaWZyYW1lJTNF&#8220; size=&#8220;800px&#8220;][vc_empty_space height=&#8220;40px&#8220;][\/vc_column][\/vc_row]<\/p>\n<\/div>","protected":false},"excerpt":{"rendered":"<p>[vc_row full_width=&#8220;stretch_row_content_no_spaces&#8220;][vc_column][vc_raw_html]PGRpdiBjbGFzcz0iYXJyb3ctd3JhcHBlciI+PGRpdiBjbGFzcz0iYXJyb3ciPjwvZGl2PjwvZGl2Pg==[\/vc_raw_html][\/vc_column][\/vc_row][vc_row full_width=&#8220;stretch_row&#8220; css=&#8220;.vc_custom_1547135686081{padding-top: 100px !important;padding-bottom: 40px !important;}&#8220;][vc_column width=&#8220;1\/2&#8243;][vc_column_text] Ca&#8216; Angeli &#8211; Venedig [\/vc_column_text][vc_empty_space][vc_column_text]Mit Blick auf den Canal Grande, nur wenige Schritte vom Campo San Polo und dem Rialto entfernt, befindet sich in einer Familienresidenz das Ca&#8216; Angeli, ein alter venezianischer Wohnsitz, der dank der j\u00fcngsten Restaurierungsarbeiten die urspr\u00fcnglichen architektonischen Merkmale, Decken und Fu\u00dfb\u00f6den der&hellip;<\/p>\n","protected":false},"author":1,"featured_media":0,"parent":0,"menu_order":0,"comment_status":"closed","ping_status":"closed","template":"","meta":{"footnotes":""},"class_list":["post-643","page","type-page","status-publish","hentry","description-off"],"_links":{"self":[{"href":"https:\/\/www.caangeli.it\/de\/wp-json\/wp\/v2\/pages\/643","targetHints":{"allow":["GET"]}}],"collection":[{"href":"https:\/\/www.caangeli.it\/de\/wp-json\/wp\/v2\/pages"}],"about":[{"href":"https:\/\/www.caangeli.it\/de\/wp-json\/wp\/v2\/types\/page"}],"author":[{"embeddable":true,"href":"https:\/\/www.caangeli.it\/de\/wp-json\/wp\/v2\/users\/1"}],"replies":[{"embeddable":true,"href":"https:\/\/www.caangeli.it\/de\/wp-json\/wp\/v2\/comments?post=643"}],"version-history":[{"count":6,"href":"https:\/\/www.caangeli.it\/de\/wp-json\/wp\/v2\/pages\/643\/revisions"}],"predecessor-version":[{"id":832,"href":"https:\/\/www.caangeli.it\/de\/wp-json\/wp\/v2\/pages\/643\/revisions\/832"}],"wp:attachment":[{"href":"https:\/\/www.caangeli.it\/de\/wp-json\/wp\/v2\/media?parent=643"}],"curies":[{"name":"wp","href":"https:\/\/api.w.org\/{rel}","templated":true}]}}